{"id":4540,"date":"2021-12-21T13:32:21","date_gmt":"2021-12-21T12:32:21","guid":{"rendered":"https:\/\/earfs.com\/?page_id=4540"},"modified":"2025-07-04T09:41:40","modified_gmt":"2025-07-04T07:41:40","slug":"vision","status":"publish","type":"page","link":"https:\/\/earfs.com\/en\/vision\/","title":{"rendered":"Vision e"},"content":{"rendered":"<p><div class=\"fusion-fullwidth fullwidth-box fusion-builder-row-1 fusion-flex-container nonhundred-percent-fullwidth non-hundred-percent-height-scrolling\" style=\"background-color: rgba(255,255,255,0);background-position: center center;background-repeat: no-repeat;border-width: 0px 0px 0px 0px;border-color:#eae9e9;border-style:solid;\" ><div class=\"fusion-builder-row fusion-row fusion-flex-align-items-flex-start\" style=\"max-width:1185.6px;margin-left: calc(-4% \/ 2 );margin-right: calc(-4% \/ 2 );\"><div class=\"fusion-layout-column fusion_builder_column fusion-builder-column-0 fusion_builder_column_1_2 1_2 fusion-flex-column\"><div class=\"fusion-column-wrapper fusion-flex-justify-content-flex-start fusion-content-layout-column\" style=\"background-position:left top;background-repeat:no-repeat;-webkit-background-size:cover;-moz-background-size:cover;-o-background-size:cover;background-size:cover;padding: 0px 0px 0px 0px;\"><style type=\"text\/css\">@media only screen and (max-width:1024px) {.fusion-title.fusion-title-1{margin-top:0px!important; margin-right:0px!important;margin-bottom:32px!important;margin-left:0px!important;}}@media only screen and (max-width:640px) {.fusion-title.fusion-title-1{margin-top:0px!important; margin-right:0px!important;margin-bottom:20px!important; margin-left:0px!important;}}<\/style><div class=\"fusion-title title fusion-title-1 fusion-sep-none fusion-title-center fusion-title-text fusion-title-size-one\" style=\"margin-top:0px;margin-right:0px;margin-bottom:32px;margin-left:0px;\"><h1 class=\"title-heading-center fusion-responsive-typography-calculated\" style=\"margin:0;color:#059809;--fontSize:100;line-height:1.4;\"><div style=\"font-family: 'cakorayam' !important; letter-spacing: 2px;\"><span style=\"color: #d72f14;\">V<\/span>ision<\/div><\/h1><\/div><div class=\"fusion-text fusion-text-1\"><p>Everyday life filled with obligations, demands and stress from family, school and work can be demanding for both children and adults! My experiences with motherhood offer plenty of daily challenges, where voices are raised and feelings explode. Emotions and feelings are constantly around us. There is a big emotional spectrum starting from love, compassion, joy to fear, sadness and hate, just to name a few. I know how easy it is to get lost in this emotional whirlwind.<\/p>\n<p>However, one day something wonderful happened. To my surprise Sir Fearolous Earf came to assit in a very emotional situation. &#8216;An Earf, what is that?&#8221;, I asked myself. The more I opened my home to the Earfs, the more Earfs came to me. One Earf per feeling. They helped us to recognize our feelings, allow them the space they needed and to name them. We learned to accept our feelings and find a way to deal with them. Since then, the Earfs have become an important part of our family. All feelings are allowed!<\/p>\n<p>In exchange with other parents, therapists, educators and teachers, I realized that many of us feel this way and happiness and joy is lost in this emotional vortex. That is why I would like to introduce you to the possibilities of Earfs. I am convinced that they can also bring ease and joy to you and your family in\u00a0 in extraordinary life situations or simply in everyday life. They can facilitate the way to self-confident, happy and balanced children.<\/p>\n<p>The Earfs come with ideas and possibilities in dealing with all feelings. They offer us friendship, security, fun and above all they always have an open ear and heart for us. Are you ready to meet the Earfs?<\/p>\n<\/div><\/div><style type=\"text\/css\">.fusion-body .fusion-builder-column-0{width:50% !important;margin-top : 0px;margin-bottom : 0px;}.fusion-builder-column-0 > .fusion-column-wrapper {padding-top : 0px !important;padding-right : 0px !important;margin-right : 3.84%;padding-bottom : 0px !important;padding-left : 0px !important;margin-left : 3.84%;}@media only screen and (max-width:1024px) {.fusion-body .fusion-builder-column-0{width:100% !important;order : 0;}.fusion-builder-column-0 > .fusion-column-wrapper {margin-right : 1.92%;margin-left : 1.92%;}}@media only screen and (max-width:640px) {.fusion-body .fusion-builder-column-0{width:100% !important;order : 0;}.fusion-builder-column-0 > .fusion-column-wrapper {margin-right : 1.92%;margin-left : 1.92%;}}<\/style><\/div><div class=\"fusion-layout-column fusion_builder_column fusion-builder-column-1 fusion_builder_column_1_2 1_2 fusion-flex-column\"><div class=\"fusion-column-wrapper fusion-flex-justify-content-flex-start fusion-content-layout-column\" style=\"background-position:left top;background-repeat:no-repeat;-webkit-background-size:cover;-moz-background-size:cover;-o-background-size:cover;background-size:cover;padding: 11% 11% 11% 11%;\"><div style=\"text-align:center;\"><div class=\"imageframe-liftup\"><span class=\" fusion-imageframe imageframe-none imageframe-1\"><img decoding=\"async\" width=\"363\" height=\"460\" alt=\"Pers\u00f6nlichkeitsentwicklung Kinder - Kinder\u00e4ngste Grundschule - Kind Angst - Impulskarten - Selbstwert st\u00e4rken mit den Earfs - Lovaya Superearf\" title=\"Pers\u00f6nlichkeitsentwicklung Kinder &#8211; Kinder\u00e4ngste Grundschule &#8211; Kind Angst &#8211; Impulskarten &#8211; Selbstwert st\u00e4rken mit den Earfs &#8211; Lovaya Superearf\" src=\"https:\/\/earfs.com\/wp-content\/uploads\/2019\/11\/24.png\" class=\"img-responsive wp-image-2576\" srcset=\"https:\/\/earfs.com\/wp-content\/uploads\/2019\/11\/24-237x300.png 237w, https:\/\/earfs.com\/wp-content\/uploads\/2019\/11\/24.png 363w\" sizes=\"(max-width: 363px) 100vw, 363px\" \/><\/span><\/div><\/div><div ><div class=\"imageframe-liftup\"><span class=\" fusion-imageframe imageframe-none imageframe-2\"><img decoding=\"async\" width=\"1200\" height=\"968\" alt=\"strong &amp; happy kids earfs\" title=\"Strong &#038; happy kids earf family\" src=\"https:\/\/earfs.com\/wp-content\/uploads\/2020\/06\/Strong-happy-kids-earf-family.jpg\" class=\"img-responsive wp-image-4060\" srcset=\"https:\/\/earfs.com\/wp-content\/uploads\/2020\/06\/Strong-happy-kids-earf-family-200x161.jpg 200w, https:\/\/earfs.com\/wp-content\/uploads\/2020\/06\/Strong-happy-kids-earf-family-400x323.jpg 400w, https:\/\/earfs.com\/wp-content\/uploads\/2020\/06\/Strong-happy-kids-earf-family-600x484.jpg 600w, https:\/\/earfs.com\/wp-content\/uploads\/2020\/06\/Strong-happy-kids-earf-family-800x645.jpg 800w, https:\/\/earfs.com\/wp-content\/uploads\/2020\/06\/Strong-happy-kids-earf-family.jpg 1200w\" sizes=\"(max-width: 1024px) 100vw, (max-width: 640px) 100vw, 600px\" \/><\/span><\/div><\/div><\/div><style type=\"text\/css\">.fusion-body .fusion-builder-column-1{width:50% !important;margin-top : 0px;margin-bottom : 0px;}.fusion-builder-column-1 > .fusion-column-wrapper {padding-top : 11% !important;padding-right : 11% !important;margin-right : 3.84%;padding-bottom : 11% !important;padding-left : 11% !important;margin-left : 3.84%;}@media only screen and (max-width:1024px) {.fusion-body .fusion-builder-column-1{width:100% !important;order : 0;}.fusion-builder-column-1 > .fusion-column-wrapper {margin-right : 1.92%;margin-left : 1.92%;}}@media only screen and (max-width:640px) {.fusion-body .fusion-builder-column-1{width:100% !important;order : 0;}.fusion-builder-column-1 > .fusion-column-wrapper {margin-right : 1.92%;margin-left : 1.92%;}}<\/style><\/div><\/div><style type=\"text\/css\">.fusion-body .fusion-flex-container.fusion-builder-row-1{ padding-top : ;margin-top : 45px;padding-right : ;padding-bottom : ;margin-bottom : 0px;padding-left : ;}<\/style><\/div><div class=\"fusion-fullwidth fullwidth-box fusion-builder-row-2 fusion-flex-container nonhundred-percent-fullwidth non-hundred-percent-height-scrolling\" style=\"background-color: rgba(255,255,255,0);background-position: center center;background-repeat: no-repeat;border-width: 0px 0px 0px 0px;border-color:#eae9e9;border-style:solid;\" ><div class=\"fusion-builder-row fusion-row fusion-flex-align-items-flex-start\" style=\"max-width:1185.6px;margin-left: calc(-4% \/ 2 );margin-right: calc(-4% \/ 2 );\"><div class=\"fusion-layout-column fusion_builder_column fusion-builder-column-2 fusion_builder_column_1_2 1_2 fusion-flex-column\"><div class=\"fusion-column-wrapper fusion-flex-justify-content-flex-start fusion-content-layout-column fusion-empty-column-bg-image\" style=\"background-image: url(&#039;https:\/\/earfs.com\/wp-content\/uploads\/2019\/05\/IMG_1763-e1633038845721.png&#039;);background-position:center center;background-repeat:no-repeat;-webkit-background-size:cover;-moz-background-size:cover;-o-background-size:cover;background-size:cover;padding: 11% 11% 11% 11%;\" data-bg-url=\"https:\/\/earfs.com\/wp-content\/uploads\/2019\/05\/IMG_1763-e1633038845721.png\"><img decoding=\"async\" class=\"fusion-empty-dims-img-placeholder\" src=\"data:image\/svg+xml,%3Csvg%20xmlns%3D%27http%3A%2F%2Fwww.w3.org%2F2000%2Fsvg%27%20width%3D%271105%27%20height%3D%272048%27%20viewBox%3D%270%200%201105%202048%27%3E%3Crect%20width%3D%271105%27%20height%3D%272048%27%20fill-opacity%3D%220%22%2F%3E%3C%2Fsvg%3E\"><\/div><style type=\"text\/css\">.fusion-body .fusion-builder-column-2{width:50% !important;margin-top : 0px;margin-bottom : 0px;}.fusion-builder-column-2 > .fusion-column-wrapper {padding-top : 11% !important;padding-right : 11% !important;margin-right : 3.84%;padding-bottom : 11% !important;padding-left : 11% !important;margin-left : 3.84%;}@media only screen and (max-width:1024px) {.fusion-body .fusion-builder-column-2{width:100% !important;order : 0;}.fusion-builder-column-2 > .fusion-column-wrapper {margin-right : 1.92%;margin-left : 1.92%;}}@media only screen and (max-width:640px) {.fusion-body .fusion-builder-column-2{width:100% !important;order : 0;}.fusion-builder-column-2 > .fusion-column-wrapper {margin-right : 1.92%;margin-left : 1.92%;}}<\/style><\/div><div class=\"fusion-layout-column fusion_builder_column fusion-builder-column-3 fusion_builder_column_1_2 1_2 fusion-flex-column\"><div class=\"fusion-column-wrapper fusion-flex-justify-content-flex-start fusion-content-layout-column\" style=\"background-position:left top;background-repeat:no-repeat;-webkit-background-size:cover;-moz-background-size:cover;-o-background-size:cover;background-size:cover;padding: 0px 0px 0px 0px;\"><style type=\"text\/css\">@media only screen and (max-width:1024px) {.fusion-title.fusion-title-2{margin-top:0px!important; margin-right:0px!important;margin-bottom:32px!important;margin-left:0px!important;}}@media only screen and (max-width:640px) {.fusion-title.fusion-title-2{margin-top:0px!important; margin-right:0px!important;margin-bottom:20px!important; margin-left:0px!important;}}<\/style><div class=\"fusion-title title fusion-title-2 fusion-sep-none fusion-title-center fusion-title-text fusion-title-size-one\" style=\"margin-top:0px;margin-right:0px;margin-bottom:32px;margin-left:0px;\"><h1 class=\"title-heading-center fusion-responsive-typography-calculated\" style=\"margin:0;color:#059809;--fontSize:100;line-height:1.4;\"><div style=\"font-family: 'cakorayam' !important; letter-spacing: 2px;\"><span style=\"color: #d72f14;\">M<\/span>artina<\/div><\/h1><\/div><div class=\"fusion-text fusion-text-2\"><p>My name is Martina Kreiner. I am an author, interior designer and trainer in the field of personal development and character building, as well as an independent entrepreneur and founder of Earfs Publishing.<\/p>\n<p>As an interior designer I spent the first 15 years of my professional life in London, gaining a variety of international and intercultural experiences. With the birth of my children and a move back to my roots in Austria, my life took a new direction. My field of work was complemented with personal development, energy work and alternative healing methods.<\/p>\n<p>Inspired by my children, I started to write children&#8217;s books and to focus on parenting, child psychology and emotions. Consequently I developed, in cooperation with parents, child psychologists and teachers, the personal development concept &#8216;The Earfs&#8217;, which serves as a support system for social &amp; emotional skills for children and adults.<\/p>\n<p>Over the last years I was able to share the Earfs, their world and possibilities with more than 100 schools and educational institutions in Tyrol, as well as offering international online workshops. The Earfs are now loving companions and support for students, parents, teachers and therapist in different situations to clarify and process feelings and conflicts.<\/p>\n<p>Since 2015 I have been working as a freelance trainer and facilitator in the field of personal development for children, adolescents and adults. Currently, I also work as a trainer in the adult education. At the beginning of 2025, I successfully completed the ISO certification as a systemic coach, which I am currently deepening through training to become a life and social counselor.<\/p>\n<p>Social and emotional learning is of great importance, and I am committed to contributing my part to it.<\/p>\n<\/div><div class=\"fusion-separator fusion-full-width-sep\" style=\"align-self: center;margin-left: auto;margin-right: auto;margin-top:15px;margin-bottom:15px;width:100%;\"><\/div><\/div><style type=\"text\/css\">.fusion-body .fusion-builder-column-3{width:50% !important;margin-top : 0px;margin-bottom : 0px;}.fusion-builder-column-3 > .fusion-column-wrapper {padding-top : 0px !important;padding-right : 0px !important;margin-right : 3.84%;padding-bottom : 0px !important;padding-left : 0px !important;margin-left : 3.84%;}@media only screen and (max-width:1024px) {.fusion-body .fusion-builder-column-3{width:100% !important;order : 0;}.fusion-builder-column-3 > .fusion-column-wrapper {margin-right : 1.92%;margin-left : 1.92%;}}@media only screen and (max-width:640px) {.fusion-body .fusion-builder-column-3{width:100% !important;order : 0;}.fusion-builder-column-3 > .fusion-column-wrapper {margin-right : 1.92%;margin-left : 1.92%;}}<\/style><\/div><\/div><style type=\"text\/css\">.fusion-body .fusion-flex-container.fusion-builder-row-2{ padding-top : ;margin-top : 45px;padding-right : ;padding-bottom : ;margin-bottom : 0px;padding-left : ;}<\/style><\/div><\/p>\n","protected":false},"excerpt":{"rendered":"","protected":false},"author":2,"featured_media":0,"parent":0,"menu_order":0,"comment_status":"closed","ping_status":"closed","template":"","meta":{"footnotes":""},"yoast_head":"<!-- This site is optimized with the Yoast SEO plugin v21.7 - https:\/\/yoast.com\/wordpress\/plugins\/seo\/ -->\n<title>Vision e - The Earfs!<\/title>\n<meta name=\"robots\" content=\"index, follow, max-snippet:-1, max-image-preview:large, max-video-preview:-1\" \/>\n<link rel=\"canonical\" href=\"https:\/\/earfs.com\/en\/vision\/\" \/>\n<meta property=\"og:locale\" content=\"en_US\" \/>\n<meta property=\"og:type\" content=\"article\" \/>\n<meta property=\"og:title\" content=\"Vision e - The Earfs!\" \/>\n<meta property=\"og:url\" content=\"https:\/\/earfs.com\/en\/vision\/\" \/>\n<meta property=\"og:site_name\" content=\"The Earfs!\" \/>\n<meta property=\"article:modified_time\" content=\"2025-07-04T07:41:40+00:00\" \/>\n<meta name=\"twitter:card\" content=\"summary_large_image\" \/>\n<meta name=\"twitter:label1\" content=\"Est. reading time\" \/>\n\t<meta name=\"twitter:data1\" content=\"8 minutes\" \/>\n<script type=\"application\/ld+json\" class=\"yoast-schema-graph\">{\"@context\":\"https:\/\/schema.org\",\"@graph\":[{\"@type\":\"WebPage\",\"@id\":\"https:\/\/earfs.com\/en\/vision\/\",\"url\":\"https:\/\/earfs.com\/en\/vision\/\",\"name\":\"Vision e - The Earfs!\",\"isPartOf\":{\"@id\":\"https:\/\/earfs.com\/#website\"},\"datePublished\":\"2021-12-21T12:32:21+00:00\",\"dateModified\":\"2025-07-04T07:41:40+00:00\",\"breadcrumb\":{\"@id\":\"https:\/\/earfs.com\/en\/vision\/#breadcrumb\"},\"inLanguage\":\"en-US\",\"potentialAction\":[{\"@type\":\"ReadAction\",\"target\":[\"https:\/\/earfs.com\/en\/vision\/\"]}]},{\"@type\":\"BreadcrumbList\",\"@id\":\"https:\/\/earfs.com\/en\/vision\/#breadcrumb\",\"itemListElement\":[{\"@type\":\"ListItem\",\"position\":1,\"name\":\"Startseite\",\"item\":\"https:\/\/earfs.com\/en\/\"},{\"@type\":\"ListItem\",\"position\":2,\"name\":\"Vision e\"}]},{\"@type\":\"WebSite\",\"@id\":\"https:\/\/earfs.com\/#website\",\"url\":\"https:\/\/earfs.com\/\",\"name\":\"The Earfs!\",\"description\":\"Welcome to the Earf&#039;World\",\"potentialAction\":[{\"@type\":\"SearchAction\",\"target\":{\"@type\":\"EntryPoint\",\"urlTemplate\":\"https:\/\/earfs.com\/?s={search_term_string}\"},\"query-input\":\"required name=search_term_string\"}],\"inLanguage\":\"en-US\"}]}<\/script>\n<!-- \/ Yoast SEO plugin. -->","yoast_head_json":{"title":"Vision e - The Earfs!","robots":{"index":"index","follow":"follow","max-snippet":"max-snippet:-1","max-image-preview":"max-image-preview:large","max-video-preview":"max-video-preview:-1"},"canonical":"https:\/\/earfs.com\/en\/vision\/","og_locale":"en_US","og_type":"article","og_title":"Vision e - The Earfs!","og_url":"https:\/\/earfs.com\/en\/vision\/","og_site_name":"The Earfs!","article_modified_time":"2025-07-04T07:41:40+00:00","twitter_card":"summary_large_image","twitter_misc":{"Est. reading time":"8 minutes"},"schema":{"@context":"https:\/\/schema.org","@graph":[{"@type":"WebPage","@id":"https:\/\/earfs.com\/en\/vision\/","url":"https:\/\/earfs.com\/en\/vision\/","name":"Vision e - The Earfs!","isPartOf":{"@id":"https:\/\/earfs.com\/#website"},"datePublished":"2021-12-21T12:32:21+00:00","dateModified":"2025-07-04T07:41:40+00:00","breadcrumb":{"@id":"https:\/\/earfs.com\/en\/vision\/#breadcrumb"},"inLanguage":"en-US","potentialAction":[{"@type":"ReadAction","target":["https:\/\/earfs.com\/en\/vision\/"]}]},{"@type":"BreadcrumbList","@id":"https:\/\/earfs.com\/en\/vision\/#breadcrumb","itemListElement":[{"@type":"ListItem","position":1,"name":"Startseite","item":"https:\/\/earfs.com\/en\/"},{"@type":"ListItem","position":2,"name":"Vision e"}]},{"@type":"WebSite","@id":"https:\/\/earfs.com\/#website","url":"https:\/\/earfs.com\/","name":"The Earfs!","description":"Welcome to the Earf&#039;World","potentialAction":[{"@type":"SearchAction","target":{"@type":"EntryPoint","urlTemplate":"https:\/\/earfs.com\/?s={search_term_string}"},"query-input":"required name=search_term_string"}],"inLanguage":"en-US"}]}},"_links":{"self":[{"href":"https:\/\/earfs.com\/en\/wp-json\/wp\/v2\/pages\/4540"}],"collection":[{"href":"https:\/\/earfs.com\/en\/wp-json\/wp\/v2\/pages"}],"about":[{"href":"https:\/\/earfs.com\/en\/wp-json\/wp\/v2\/types\/page"}],"author":[{"embeddable":true,"href":"https:\/\/earfs.com\/en\/wp-json\/wp\/v2\/users\/2"}],"replies":[{"embeddable":true,"href":"https:\/\/earfs.com\/en\/wp-json\/wp\/v2\/comments?post=4540"}],"version-history":[{"count":7,"href":"https:\/\/earfs.com\/en\/wp-json\/wp\/v2\/pages\/4540\/revisions"}],"predecessor-version":[{"id":4661,"href":"https:\/\/earfs.com\/en\/wp-json\/wp\/v2\/pages\/4540\/revisions\/4661"}],"wp:attachment":[{"href":"https:\/\/earfs.com\/en\/wp-json\/wp\/v2\/media?parent=4540"}],"curies":[{"name":"wp","href":"https:\/\/api.w.org\/{rel}","templated":true}]}}